{"id":235947,"date":"2025-08-07T16:59:16","date_gmt":"2025-08-07T19:59:16","guid":{"rendered":"https:\/\/estudiotesouro.bardo.uy\/?page_id=235947"},"modified":"2025-08-11T20:24:19","modified_gmt":"2025-08-11T23:24:19","slug":"asesoramiento-integral-para-inversores-extranjeros","status":"publish","type":"page","link":"https:\/\/estudiotesouro.bardo.uy\/en\/asesoramiento-integral-para-inversores-extranjeros\/","title":{"rendered":"Asesoramiento Integral para Inversores Extranjeros"},"content":{"rendered":"<p>[et_pb_section fb_built=\u00bb1&#8243; _builder_version=\u00bb4.16&#8243; _module_preset=\u00bbdefault\u00bb global_colors_info=\u00bb{}\u00bb][et_pb_row column_structure=\u00bb1_2,1_2&#8243; _builder_version=\u00bb4.27.4&#8243; _module_preset=\u00bbdefault\u00bb width=\u00bb90%\u00bb global_colors_info=\u00bb{}\u00bb][et_pb_column type=\u00bb1_2&#8243; _builder_version=\u00bb4.16&#8243; _module_preset=\u00bbdefault\u00bb global_colors_info=\u00bb{}\u00bb][et_pb_image src=\u00bbhttps:\/\/estudiotesouro.bardo.uy\/wp-content\/uploads\/2025\/08\/41687.jpg\u00bb title_text=\u00bb41687&#8243; _builder_version=\u00bb4.27.4&#8243; _module_preset=\u00bbdefault\u00bb width=\u00bb100%\u00bb global_colors_info=\u00bb{}\u00bb][\/et_pb_image][\/et_pb_column][et_pb_column type=\u00bb1_2&#8243; _builder_version=\u00bb4.16&#8243; _module_preset=\u00bbdefault\u00bb global_colors_info=\u00bb{}\u00bb][et_pb_text _builder_version=\u00bb4.27.4&#8243; _module_preset=\u00bbdefault\u00bb header_font_size=\u00bb29px\u00bb custom_margin=\u00bb||10px||false|false\u00bb custom_margin_tablet=\u00bb30px||10px||false|false\u00bb custom_margin_phone=\u00bb30px||10px||false|false\u00bb custom_margin_last_edited=\u00bbon|phone\u00bb custom_padding=\u00bb||0px||false|false\u00bb header_font_size_tablet=\u00bb29px\u00bb header_font_size_phone=\u00bb29px\u00bb header_font_size_last_edited=\u00bbon|tablet\u00bb global_colors_info=\u00bb{}\u00bb]<\/p>\n<h1>Comprehensive Advisory Services for Foreigners<\/h1>\n<p>[\/et_pb_text][et_pb_divider color=\u00bbrgba(72,71,81,0.41)\u00bb divider_weight=\u00bb3px\u00bb _builder_version=\u00bb4.27.4&#8243; _module_preset=\u00bbdefault\u00bb width=\u00bb30%\u00bb custom_margin=\u00bb||15px|||\u00bb animation_style=\u00bbslide\u00bb global_colors_info=\u00bb{}\u00bb][\/et_pb_divider][et_pb_text _builder_version=\u00bb4.27.4&#8243; _module_preset=\u00bbdefault\u00bb global_colors_info=\u00bb{}\u00bb]<\/p>\n<p>We support our clients \u2013 individuals, families, and foreign companies \u2013 who choose Uruguay as a destination to live, invest, or expand their businesses.<\/p>\n<p>We offer tailor-made legal, immigration, and relocation solutions, combining our professional experience with a deep understanding of the personal, administrative, and cultural challenges involved in starting a new stage in the country.<\/p>\n<p><strong>A service that goes beyond paperwork<\/strong><\/p>\n<p>Moving to or investing in another country is much more than meeting legal requirements: it entails a profound change, with challenges that are not only administrative but also personal, cultural, and emotional.<\/p>\n<p>That is why we provide close and personalized support at every stage, ensuring that our clients feel informed, supported, and secure from day one.<\/p>\n<p>[\/et_pb_text][\/et_pb_column][\/et_pb_row][et_pb_row _builder_version=\u00bb4.27.4&#8243; _module_preset=\u00bbdefault\u00bb global_colors_info=\u00bb{}\u00bb][et_pb_column type=\u00bb4_4&#8243; _builder_version=\u00bb4.27.4&#8243; _module_preset=\u00bbdefault\u00bb global_colors_info=\u00bb{}\u00bb][et_pb_text _builder_version=\u00bb4.27.4&#8243; _module_preset=\u00bbdefault\u00bb global_colors_info=\u00bb{}\u00bb]<\/p>\n<p><strong>Our services: <\/strong><\/p>\n<p>[\/et_pb_text][et_pb_accordion open_toggle_text_color=\u00bb#002e71&#8243; icon_color=\u00bb#002e71&#8243; _builder_version=\u00bb4.27.4&#8243; _module_preset=\u00bbdefault\u00bb toggle_text_color=\u00bb#002e71&#8243; toggle_font_size=\u00bb22px\u00bb global_colors_info=\u00bb{}\u00bb][et_pb_accordion_item title=\u00bbResidencia legal y tr\u00e1mites migratorios\u00bb open=\u00bbon\u00bb _builder_version=\u00bb4.27.4&#8243; _module_preset=\u00bbdefault\u00bb global_colors_info=\u00bb{}\u00bb]<\/p>\n<p>Comprehensive management, from the initial advisory to obtaining residency and all necessary complementary services.<\/p>\n<p>[\/et_pb_accordion_item][et_pb_accordion_item title=\u00bbResidencia fiscal\u00bb _builder_version=\u00bb4.27.4&#8243; _module_preset=\u00bbdefault\u00bb global_colors_info=\u00bb{}\u00bb open=\u00bboff\u00bb]<\/p>\n<p>Personalized analysis of the family, business, and asset situation to design strategies that optimize the tax burden, ensuring practical, efficient, and convenient solutions.<\/p>\n<p>[\/et_pb_accordion_item][et_pb_accordion_item title=\u00bbAsesoramiento fiscal, contable y laboral\u00bb _builder_version=\u00bb4.27.4&#8243; _module_preset=\u00bbdefault\u00bb global_colors_info=\u00bb{}\u00bb open=\u00bboff\u00bb]<\/p>\n<p>Assistance in the selection and rental or purchase of properties, both temporary and permanent. Guidance in identifying investment opportunities in projects and companies in Uruguay.<\/p>\n<p>[\/et_pb_accordion_item][et_pb_accordion_item title=\u00bbServicios de relocalizaci\u00f3n\u00bb _builder_version=\u00bb4.27.4&#8243; _module_preset=\u00bbdefault\u00bb global_colors_info=\u00bb{}\u00bb open=\u00bboff\u00bb]<\/p>\n<p>Comprehensive coordination for settling in the country, including logistical and personal aspects.<\/p>\n<p>[\/et_pb_accordion_item][et_pb_accordion_item title=\u00bbTr\u00e1mites aduaneros y log\u00edstica internacional\u00bb _builder_version=\u00bb4.27.4&#8243; _module_preset=\u00bbdefault\u00bb global_colors_info=\u00bb{}\u00bb open=\u00bboff\u00bb]<\/p>\n<p>Management with customs brokers and solutions for import and export.<\/p>\n<p>[\/et_pb_accordion_item][et_pb_accordion_item title=\u00bbApertura de cuentas bancarias y servicios financieros\u00bb _builder_version=\u00bb4.27.4&#8243; _module_preset=\u00bbdefault\u00bb global_colors_info=\u00bb{}\u00bb open=\u00bboff\u00bb]<\/p>\n<p>Advisory and support in establishing relationships with financial institutions.<\/p>\n<p>[\/et_pb_accordion_item][et_pb_accordion_item title=\u00bbPermisos de trabajo y regularizaci\u00f3n laboral\u00bb _builder_version=\u00bb4.27.4&#8243; _module_preset=\u00bbdefault\u00bb global_colors_info=\u00bb{}\u00bb open=\u00bboff\u00bb]<\/p>\n<p>Processing and legal compliance for carrying out professional activities in Uruguay.<\/p>\n<p>[\/et_pb_accordion_item][et_pb_accordion_item title=\u00bbConstituci\u00f3n y administraci\u00f3n de empresas\u00bb _builder_version=\u00bb4.27.4&#8243; _module_preset=\u00bbdefault\u00bb global_colors_info=\u00bb{}\u00bb open=\u00bboff\u00bb]<\/p>\n<p>Creation of companies, corporate advisory, and administrative management.<\/p>\n<p>[\/et_pb_accordion_item][et_pb_accordion_item title=\u00bbReubicaci\u00f3n de empleados y expansi\u00f3n corporativa\u00bb _builder_version=\u00bb4.27.4&#8243; _module_preset=\u00bbdefault\u00bb global_colors_info=\u00bb{}\u00bb open=\u00bboff\u00bb]<\/p>\n<p>Support for companies in staff transfers and the opening of operations.<\/p>\n<p>[\/et_pb_accordion_item][\/et_pb_accordion][\/et_pb_column][\/et_pb_row][\/et_pb_section][et_pb_section fb_built=\u00bb1&#8243; _builder_version=\u00bb4.27.4&#8243; _module_preset=\u00bbdefault\u00bb custom_margin=\u00bb-1px||||false|false\u00bb custom_padding=\u00bb0px||||false|false\u00bb global_module=\u00bb235678&#8243; saved_tabs=\u00bball\u00bb global_colors_info=\u00bb{}\u00bb][et_pb_row _builder_version=\u00bb4.27.4&#8243; _module_preset=\u00bbdefault\u00bb global_colors_info=\u00bb{}\u00bb][et_pb_column type=\u00bb4_4&#8243; _builder_version=\u00bb4.27.4&#8243; _module_preset=\u00bbdefault\u00bb global_colors_info=\u00bb{}\u00bb][et_pb_text _builder_version=\u00bb4.27.4&#8243; _module_preset=\u00bbdefault\u00bb header_font=\u00bb|||on|||||\u00bb header_font_size=\u00bb40px\u00bb custom_margin=\u00bb||-1px||false|false\u00bb global_colors_info=\u00bb{}\u00bb]<\/p>\n<h1 style=\"text-align: center;\">Services<\/h1>\n<p>[\/et_pb_text][et_pb_text _builder_version=\u00bb4.27.4&#8243; _module_preset=\u00bbdefault\u00bb global_colors_info=\u00bb{}\u00bb]<\/p>\n<p style=\"text-align: left;\">We offer a wide range of professional services designed to meet the specific needs of our clients, ensuring comprehensive and customized solutions.<\/p>\n<p>[\/et_pb_text][\/et_pb_column][\/et_pb_row][et_pb_row column_structure=\u00bb1_2,1_2&#8243; _builder_version=\u00bb4.27.4&#8243; _module_preset=\u00bbdefault\u00bb global_colors_info=\u00bb{}\u00bb][et_pb_column type=\u00bb1_2&#8243; _builder_version=\u00bb4.27.4&#8243; _module_preset=\u00bbdefault\u00bb global_colors_info=\u00bb{}\u00bb][et_pb_image src=\u00bbhttps:\/\/estudiotesouro.bardo.uy\/wp-content\/uploads\/2025\/08\/2149661457.jpg\u00bb title_text=\u00bb2149661457&#8243; _builder_version=\u00bb4.27.4&#8243; _module_preset=\u00bbdefault\u00bb global_colors_info=\u00bb{}\u00bb][\/et_pb_image][et_pb_text _builder_version=\u00bb4.27.4&#8243; _module_preset=\u00bbdefault\u00bb header_font=\u00bb&#8211;et_global_heading_font||||||||\u00bb header_font_size=\u00bb29px\u00bb background_color=\u00bb#FFFFFF\u00bb transform_translate_linked=\u00bboff\u00bb width=\u00bb70%\u00bb module_alignment=\u00bbcenter\u00bb custom_margin=\u00bb-80px||||false|false\u00bb custom_padding=\u00bb20px|20px|20px|20px|false|true\u00bb global_colors_info=\u00bb{}\u00bb]<\/p>\n<h1>Notarial Services<br \/>Real Estate<\/h1>\n<p>We provide comprehensive legal and notarial advisory services in every stage of the real estate business, from the search and acquisition of properties to the management and transfer of all types of real estate and movable assets.<\/p>\n<p>[\/et_pb_text][et_pb_button button_url=\u00bb@ET-DC@eyJkeW5hbWljIjp0cnVlLCJjb250ZW50IjoicG9zdF9saW5rX3VybF9wYWdlIiwic2V0dGluZ3MiOnsicG9zdF9pZCI6IjIzNTg2OCJ9fQ==@\u00bb button_text=\u00bbSaber m\u00e1s\u00bb _builder_version=\u00bb4.27.4&#8243; _dynamic_attributes=\u00bbbutton_url\u00bb _module_preset=\u00bbdefault\u00bb custom_button=\u00bbon\u00bb button_text_size=\u00bb16px\u00bb button_bg_color=\u00bb#002E71&#8243; button_border_width=\u00bb0px\u00bb button_border_radius=\u00bb0px\u00bb button_font=\u00bb&#8211;et_global_body_font||||||||\u00bb transform_translate_linked=\u00bboff\u00bb custom_margin=\u00bb-20px||-15px||false|false\u00bb custom_padding=\u00bb|43%||43%|false|true\u00bb global_colors_info=\u00bb{}\u00bb button_bg_color__hover_enabled=\u00bbon|desktop\u00bb button_bg_color__hover=\u00bb#484751&#8243; button_bg_enable_color__hover=\u00bbon\u00bb background_layout__hover_enabled=\u00bbon|hover\u00bb background_layout__hover=\u00bbdark\u00bb button_text_color__hover_enabled=\u00bbon|desktop\u00bb button_text_color__hover=\u00bb#FFFFFF\u00bb][\/et_pb_button][\/et_pb_column][et_pb_column type=\u00bb1_2&#8243; disabled_on=\u00bboff|off|off\u00bb _builder_version=\u00bb4.27.4&#8243; _module_preset=\u00bbdefault\u00bb global_colors_info=\u00bb{}\u00bb][et_pb_image src=\u00bbhttps:\/\/estudiotesouro.bardo.uy\/wp-content\/uploads\/2025\/08\/19937-2.jpg\u00bb title_text=\u00bb19937&#8243; _builder_version=\u00bb4.27.4&#8243; _module_preset=\u00bbdefault\u00bb global_colors_info=\u00bb{}\u00bb][\/et_pb_image][et_pb_text _builder_version=\u00bb4.27.4&#8243; _module_preset=\u00bbdefault\u00bb header_font=\u00bb&#8211;et_global_heading_font||||||||\u00bb header_font_size=\u00bb29px\u00bb background_color=\u00bb#FFFFFF\u00bb transform_translate_linked=\u00bboff\u00bb width=\u00bb70%\u00bb module_alignment=\u00bbcenter\u00bb custom_margin=\u00bb-80px||||false|false\u00bb custom_padding=\u00bb20px|20px|20px|20px|false|true\u00bb hover_enabled=\u00bb0&#8243; global_colors_info=\u00bb{}\u00bb sticky_enabled=\u00bb0&#8243;]<\/p>\n<h1>Family interests<br \/>\nEstate Planning<\/h1>\n<p>Planificar es la mejor forma de proteger su patrimonio. Una planificaci\u00f3n patrimonial eficiente no solo resguarda sus bienes, sino que tambi\u00e9n optimiza la estructura corporativa y familiar, facilitando su administraci\u00f3n y transmisi\u00f3n a las &#8230;[\/et_pb_text][et_pb_button button_url=\u00bb@ET-DC@eyJkeW5hbWljIjp0cnVlLCJjb250ZW50IjoicG9zdF9saW5rX3VybF9wYWdlIiwic2V0dGluZ3MiOnsicG9zdF9pZCI6IjIzNTg5MSJ9fQ==@\u00bb button_text=\u00bbSaber m\u00e1s\u00bb _builder_version=\u00bb4.27.4&#8243; _dynamic_attributes=\u00bbbutton_url\u00bb _module_preset=\u00bbdefault\u00bb custom_button=\u00bbon\u00bb button_text_size=\u00bb16px\u00bb button_bg_color=\u00bb#002E71&#8243; button_border_width=\u00bb0px\u00bb button_border_radius=\u00bb0px\u00bb button_font=\u00bb&#8211;et_global_body_font||||||||\u00bb transform_translate_linked=\u00bboff\u00bb custom_margin=\u00bb-20px||-15px||false|false\u00bb custom_padding=\u00bb|43%||43%|false|true\u00bb global_colors_info=\u00bb{}\u00bb button_bg_color__hover_enabled=\u00bbon|desktop\u00bb button_bg_color__hover=\u00bb#484751&#8243; button_bg_enable_color__hover=\u00bbon\u00bb background_layout__hover_enabled=\u00bbon|hover\u00bb background_layout__hover=\u00bbdark\u00bb button_text_color__hover_enabled=\u00bbon|desktop\u00bb button_text_color__hover=\u00bb#FFFFFF\u00bb][\/et_pb_button][\/et_pb_column][\/et_pb_row][et_pb_row column_structure=\u00bb1_2,1_2&#8243; _builder_version=\u00bb4.27.4&#8243; _module_preset=\u00bbdefault\u00bb global_colors_info=\u00bb{}\u00bb][et_pb_column type=\u00bb1_2&#8243; _builder_version=\u00bb4.27.4&#8243; _module_preset=\u00bbdefault\u00bb global_colors_info=\u00bb{}\u00bb][et_pb_image src=\u00bbhttps:\/\/estudiotesouro.bardo.uy\/wp-content\/uploads\/2025\/06\/company-meeting-room-has-businessmen-and-finance-m-2025-01-16-22-34-28-utc-1.jpg.webp\u00bb title_text=\u00bbcompany-meeting-room-has-businessmen-and-finance-m-2025-01-16-22-34-28-utc-1.jpg\u00bb _builder_version=\u00bb4.27.4&#8243; _module_preset=\u00bbdefault\u00bb global_colors_info=\u00bb{}\u00bb][\/et_pb_image][et_pb_text _builder_version=\u00bb4.27.4&#8243; _module_preset=\u00bbdefault\u00bb header_font=\u00bb&#8211;et_global_heading_font||||||||\u00bb header_font_size=\u00bb29px\u00bb background_color=\u00bb#FFFFFF\u00bb transform_translate_linked=\u00bboff\u00bb width=\u00bb70%\u00bb module_alignment=\u00bbcenter\u00bb custom_margin=\u00bb-80px||||false|false\u00bb custom_padding=\u00bb20px|20px|20px|20px|false|true\u00bb global_colors_info=\u00bb{}\u00bb]<\/p>\n<h1>Accounting Services Tax and Fiscal Planning<\/h1>\n<p>Since 2012, we have maintained <strong>a strategic alliance<\/strong> with <strong>RICA Consultores<\/strong>, one of the most prestigious accounting teams in the country, specializing in tax and fiscal matters.<\/p>\n<p>[\/et_pb_text][et_pb_button button_url=\u00bb@ET-DC@eyJkeW5hbWljIjp0cnVlLCJjb250ZW50IjoicG9zdF9saW5rX3VybF9wYWdlIiwic2V0dGluZ3MiOnsicG9zdF9pZCI6IjIzNTY5MSJ9fQ==@\u00bb button_text=\u00bbSaber m\u00e1s\u00bb _builder_version=\u00bb4.27.4&#8243; _dynamic_attributes=\u00bbbutton_url\u00bb _module_preset=\u00bbdefault\u00bb custom_button=\u00bbon\u00bb button_text_size=\u00bb16px\u00bb button_bg_color=\u00bb#002E71&#8243; button_border_width=\u00bb0px\u00bb button_border_radius=\u00bb0px\u00bb button_font=\u00bb&#8211;et_global_body_font||||||||\u00bb transform_translate_linked=\u00bboff\u00bb custom_margin=\u00bb-20px||-15px||false|false\u00bb custom_padding=\u00bb|43%||43%|false|true\u00bb global_colors_info=\u00bb{}\u00bb button_bg_color__hover_enabled=\u00bbon|desktop\u00bb button_bg_color__hover=\u00bb#484751&#8243; button_bg_enable_color__hover=\u00bbon\u00bb background_layout__hover_enabled=\u00bbon|hover\u00bb background_layout__hover=\u00bbdark\u00bb button_text_color__hover_enabled=\u00bbon|desktop\u00bb button_text_color__hover=\u00bb#FFFFFF\u00bb][\/et_pb_button][\/et_pb_column][et_pb_column type=\u00bb1_2&#8243; _builder_version=\u00bb4.27.4&#8243; _module_preset=\u00bbdefault\u00bb global_colors_info=\u00bb{}\u00bb][et_pb_image src=\u00bbhttps:\/\/estudiotesouro.bardo.uy\/wp-content\/uploads\/2025\/08\/2281.jpg\u00bb title_text=\u00bb2281&#8243; _builder_version=\u00bb4.27.4&#8243; _module_preset=\u00bbdefault\u00bb global_colors_info=\u00bb{}\u00bb][\/et_pb_image][et_pb_text _builder_version=\u00bb4.27.4&#8243; _module_preset=\u00bbdefault\u00bb header_font=\u00bb&#8211;et_global_heading_font||||||||\u00bb header_font_size=\u00bb29px\u00bb background_color=\u00bb#FFFFFF\u00bb transform_translate_linked=\u00bboff\u00bb width=\u00bb70%\u00bb module_alignment=\u00bbcenter\u00bb custom_margin=\u00bb-80px||||false|false\u00bb custom_padding=\u00bb20px|20px|20px|20px|false|true\u00bb global_colors_info=\u00bb{}\u00bb]<\/p>\n<h1>Business Services Business Planning<\/h1>\n<p>We drive your company\u2019s success from its inception through every stage of its development.<\/p>\n<p>Asesoramos a compa\u00f1\u00edas nacionales e internacionales en la planificaci\u00f3n y en el dise\u00f1o de estructuras jur\u00eddicas&#8230;<\/p>\n<p>[\/et_pb_text][et_pb_button button_url=\u00bb@ET-DC@eyJkeW5hbWljIjp0cnVlLCJjb250ZW50IjoicG9zdF9saW5rX3VybF9wYWdlIiwic2V0dGluZ3MiOnsicG9zdF9pZCI6IjIzNTkwNyJ9fQ==@\u00bb button_text=\u00bbSaber m\u00e1s\u00bb _builder_version=\u00bb4.27.4&#8243; _dynamic_attributes=\u00bbbutton_url\u00bb _module_preset=\u00bbdefault\u00bb custom_button=\u00bbon\u00bb button_text_size=\u00bb16px\u00bb button_bg_color=\u00bb#002E71&#8243; button_border_width=\u00bb0px\u00bb button_border_radius=\u00bb0px\u00bb button_font=\u00bb&#8211;et_global_body_font||||||||\u00bb transform_translate_linked=\u00bboff\u00bb custom_margin=\u00bb-20px||-15px||false|false\u00bb custom_padding=\u00bb|43%||43%|false|true\u00bb global_colors_info=\u00bb{}\u00bb button_bg_color__hover_enabled=\u00bbon|desktop\u00bb button_bg_color__hover=\u00bb#484751&#8243; button_bg_enable_color__hover=\u00bbon\u00bb background_layout__hover_enabled=\u00bbon|hover\u00bb background_layout__hover=\u00bbdark\u00bb button_text_color__hover_enabled=\u00bbon|desktop\u00bb button_text_color__hover=\u00bb#FFFFFF\u00bb][\/et_pb_button][\/et_pb_column][\/et_pb_row][et_pb_row column_structure=\u00bb1_2,1_2&#8243; _builder_version=\u00bb4.27.4&#8243; _module_preset=\u00bbdefault\u00bb global_colors_info=\u00bb{}\u00bb][et_pb_column type=\u00bb1_2&#8243; _builder_version=\u00bb4.27.4&#8243; _module_preset=\u00bbdefault\u00bb global_colors_info=\u00bb{}\u00bb][et_pb_image src=\u00bbhttps:\/\/estudiotesouro.bardo.uy\/wp-content\/uploads\/2025\/08\/41687.jpg\u00bb title_text=\u00bb41687&#8243; _builder_version=\u00bb4.27.4&#8243; _module_preset=\u00bbdefault\u00bb global_colors_info=\u00bb{}\u00bb][\/et_pb_image][et_pb_text _builder_version=\u00bb4.27.4&#8243; _module_preset=\u00bbdefault\u00bb header_font=\u00bb&#8211;et_global_heading_font||||||||\u00bb header_font_size=\u00bb29px\u00bb background_color=\u00bb#FFFFFF\u00bb transform_translate_linked=\u00bboff\u00bb width=\u00bb70%\u00bb module_alignment=\u00bbcenter\u00bb custom_margin=\u00bb-80px||||false|false\u00bb custom_padding=\u00bb20px|20px|20px|20px|false|true\u00bb global_colors_info=\u00bb{}\u00bb]<\/p>\n<h1>Comprehensive Advisory Services for Foreigners<\/h1>\n<p>We support our clients \u2013 individuals, families, and foreign companies \u2013 who choose Uruguay as a destination to live, invest, or expand their businesses.<\/p>\n<p>[\/et_pb_text][et_pb_button button_url=\u00bb@ET-DC@eyJkeW5hbWljIjp0cnVlLCJjb250ZW50IjoicG9zdF9saW5rX3VybF9wYWdlIiwic2V0dGluZ3MiOnsicG9zdF9pZCI6IjIzNTk0NyJ9fQ==@\u00bb button_text=\u00bbSaber m\u00e1s\u00bb _builder_version=\u00bb4.27.4&#8243; _dynamic_attributes=\u00bbbutton_url\u00bb _module_preset=\u00bbdefault\u00bb custom_button=\u00bbon\u00bb button_text_size=\u00bb16px\u00bb button_bg_color=\u00bb#002E71&#8243; button_border_width=\u00bb0px\u00bb button_border_radius=\u00bb0px\u00bb button_font=\u00bb&#8211;et_global_body_font||||||||\u00bb transform_translate_linked=\u00bboff\u00bb custom_margin=\u00bb-20px||-15px||false|false\u00bb custom_padding=\u00bb|43%||43%|false|true\u00bb global_colors_info=\u00bb{}\u00bb button_bg_color__hover_enabled=\u00bbon|desktop\u00bb button_bg_color__hover=\u00bb#484751&#8243; button_bg_enable_color__hover=\u00bbon\u00bb background_layout__hover_enabled=\u00bbon|hover\u00bb background_layout__hover=\u00bbdark\u00bb button_text_color__hover_enabled=\u00bbon|desktop\u00bb button_text_color__hover=\u00bb#FFFFFF\u00bb][\/et_pb_button][\/et_pb_column][et_pb_column type=\u00bb1_2&#8243; disabled_on=\u00bbon|on|on\u00bb _builder_version=\u00bb4.27.4&#8243; _module_preset=\u00bbdefault\u00bb disabled=\u00bbon\u00bb global_colors_info=\u00bb{}\u00bb][et_pb_image src=\u00bbhttps:\/\/estudiotesouro.bardo.uy\/wp-content\/uploads\/2025\/03\/197655-684&#215;675.jpg.webp\u00bb _builder_version=\u00bb4.27.4&#8243; _module_preset=\u00bbdefault\u00bb global_colors_info=\u00bb{}\u00bb][\/et_pb_image][et_pb_text _builder_version=\u00bb4.27.4&#8243; _module_preset=\u00bbdefault\u00bb header_font=\u00bbTimes New Roman||||||||\u00bb background_color=\u00bb#FFFFFF\u00bb transform_translate_linked=\u00bboff\u00bb width=\u00bb70%\u00bb module_alignment=\u00bbcenter\u00bb custom_margin=\u00bb-80px||||false|false\u00bb custom_padding=\u00bb20px|20px|20px|20px|false|true\u00bb global_colors_info=\u00bb{}\u00bb]<\/p>\n<h1>Servicios Multidisciplinarios<\/h1>\n<p>Nuestra firma se destaca por ofrecer servicios adicionales que complementan nuestras \u00e1reas principales, asegurando una respuesta integral a las necesidades de nuestros clientes. Estos servicios incluyen:<\/p>\n<p>[\/et_pb_text][et_pb_button button_url=\u00bb@ET-DC@eyJkeW5hbWljIjp0cnVlLCJjb250ZW50IjoicG9zdF9saW5rX3VybF9wYWdlIiwic2V0dGluZ3MiOnsicG9zdF9pZCI6IjIzNTY2MyJ9fQ==@\u00bb button_text=\u00bbSaber m\u00e1s\u00bb _builder_version=\u00bb4.27.4&#8243; _dynamic_attributes=\u00bbbutton_url\u00bb _module_preset=\u00bbdefault\u00bb custom_button=\u00bbon\u00bb button_text_size=\u00bb18px\u00bb button_bg_color=\u00bb#002E71&#8243; button_border_width=\u00bb0px\u00bb button_border_radius=\u00bb0px\u00bb button_font=\u00bbTimes New Roman||||||||\u00bb transform_translate_linked=\u00bboff\u00bb custom_margin=\u00bb-20px||-15px||false|false\u00bb custom_padding=\u00bb|43%||43%|false|true\u00bb global_colors_info=\u00bb{}\u00bb button_bg_color__hover_enabled=\u00bbon|desktop\u00bb button_bg_color__hover=\u00bb#484751&#8243; button_bg_enable_color__hover=\u00bbon\u00bb background_layout__hover_enabled=\u00bbon|hover\u00bb background_layout__hover=\u00bbdark\u00bb button_text_color__hover_enabled=\u00bbon|desktop\u00bb button_text_color__hover=\u00bb#FFFFFF\u00bb][\/et_pb_button][\/et_pb_column][\/et_pb_row][\/et_pb_section]<\/p>","protected":false},"excerpt":{"rendered":"<p>Asesoramiento Integral para ExtranjerosAcompa\u00f1amos a nuestros clientes &#8211; personas f\u00edsicas, familias y empresas extranjeras- que eligen Uruguay como destino para vivir, invertir o expandir sus negocios. Ofrecemos soluciones legales, migratorias y de relocalizaci\u00f3n a medida, combinando nuestra experiencia profesional con un profundo conocimiento de los desaf\u00edos personales, administrativos y culturales que implica iniciar una nueva [&hellip;]<\/p>","protected":false},"author":1,"featured_media":0,"parent":0,"menu_order":0,"comment_status":"closed","ping_status":"closed","template":"","meta":{"_et_pb_use_builder":"on","_et_pb_old_content":"","_et_gb_content_width":"","_joinchat":[],"footnotes":""},"class_list":["post-235947","page","type-page","status-publish","hentry"],"_links":{"self":[{"href":"https:\/\/estudiotesouro.bardo.uy\/en\/wp-json\/wp\/v2\/pages\/235947","targetHints":{"allow":["GET"]}}],"collection":[{"href":"https:\/\/estudiotesouro.bardo.uy\/en\/wp-json\/wp\/v2\/pages"}],"about":[{"href":"https:\/\/estudiotesouro.bardo.uy\/en\/wp-json\/wp\/v2\/types\/page"}],"author":[{"embeddable":true,"href":"https:\/\/estudiotesouro.bardo.uy\/en\/wp-json\/wp\/v2\/users\/1"}],"replies":[{"embeddable":true,"href":"https:\/\/estudiotesouro.bardo.uy\/en\/wp-json\/wp\/v2\/comments?post=235947"}],"version-history":[{"count":0,"href":"https:\/\/estudiotesouro.bardo.uy\/en\/wp-json\/wp\/v2\/pages\/235947\/revisions"}],"wp:attachment":[{"href":"https:\/\/estudiotesouro.bardo.uy\/en\/wp-json\/wp\/v2\/media?parent=235947"}],"curies":[{"name":"wp","href":"https:\/\/api.w.org\/{rel}","templated":true}]}}